{"id":254,"date":"2016-02-11T23:24:31","date_gmt":"2016-02-11T21:24:31","guid":{"rendered":"http:\/\/alvaforsius.fi\/?page_id=254"},"modified":"2016-02-15T12:36:24","modified_gmt":"2016-02-15T10:36:24","slug":"vuoden-ohjelma","status":"publish","type":"page","link":"http:\/\/alvaforsius.fi\/sv\/vuoden-ohjelma\/","title":{"rendered":"Jubileums\u00e5rets program"},"content":{"rendered":"<p><br \/>\n<b>Ti 15.3. kl 18-20.15<\/b><br \/>\nF\u00f6redrag om Alva Forsius f\u00f6r allm\u00e4nheten, Linnankosken lukio, Biskopsgatan 24-26. Docent Anneli M\u00e4kel\u00e4-Alitalo. Arrang\u00f6r : Kansalaisopisto.<\/p>\n<p><b>Ti 24.5. kl 10.00<\/b><br \/>\nAvt\u00e4ckning av Alva Forsius minnesm\u00e4rke, Linnankoskigatan 1. Arrang\u00f6r : F\u00f6reningen Alva Forsius minne rf.<\/p>\n<p><b>Ti 24.5. kl 14-16.30<\/b><br \/>\nAlva Forsius jubileumsseminarium, Kulturhuset Grand, Biskopsgatan 28. Mikaela Nylander, Maria Kaisa Aula, Tommy Hellsten. Anm\u00e4lan till seminariet senast 18.5 per email kulttuuri@porvoo.fi. Seminariet \u00e4r avgiftsfritt. Kaffe serveras i \u00f6vre entr\u00e8hallen fr\u00e5n kl.13.30. I nedre v\u00e5ning utst\u00e4llning Konstikkaat perheet, Kr\u00e5ngliga familjer. Arrang\u00f6r : Arbetsgruppen Alva Forsius 150, Borg\u00e5 konstskola, kulturtj\u00e4nsterna.<\/p>\n<p><b>15.6- 18.9.<\/b><br \/>\nAlva Forsius utst\u00e4llning, Holmska g\u00e5rden, Mellangatan 11. En utst\u00e4llning om Alva Forsius historia och livsg\u00e4rning. Arrang\u00f6r : Borg\u00e5 museum.<\/p>\n<p><b>L\u00f6 27.8. kl 12-15<\/b><br \/>\nFamiljedag med Alva Forsius som tema. Ansiktsm\u00e5lning, sumobrottning, pyssel och picknicomr\u00e5d. Aktivitetsst\u00e4llen, omr\u00e5det utanf\u00f6r Konstfabriken, Borg\u00e5 museum, g\u00e5rden vid Runebergshem, Kulturhuset Grand, Vandrarhemmets g\u00e5rd. Arrang\u00f6r : Kultur-och fritidstj\u00e4nsterna, Kulturhuset Grand, Borg\u00e5 museum.<\/p>\n<p><b>H\u00f6sten 2016.<\/b><br \/>\nAmbulerande Alva Forsius utst\u00e4llning. Arrang\u00f6r : Kulturtj\u00e4nsterna, Borg\u00e5 konstskola, Borg\u00e5 museum. Utst\u00e4llningen kan bokas och n\u00e4rmare upplysningar fr\u00e5n Borg\u00e5 kulturtj\u00e4nsterna. Arrang\u00f6r : Kulturtj\u00e4nsterna, Borg\u00e5 konstskola, Borg\u00e5 museum.<\/p>","protected":false},"excerpt":{"rendered":"<p>Ti 15.3. kl 18-20.15 F\u00f6redrag om Alva Forsius f\u00f6r allm\u00e4nheten, Linnankosken lukio, Biskopsgatan 24-26. Docent Anneli M\u00e4kel\u00e4-Alitalo. Arrang\u00f6r : Kansalaisopisto. Ti 24.5. kl 10.00 Avt\u00e4ckning av Alva Forsius minnesm\u00e4rke, Linnankoskigatan 1. Arrang\u00f6r : F\u00f6reningen Alva Forsius minne rf. Ti 24.5. kl 14-16.30 Alva Forsius jubileumsseminarium, Kulturhuset Grand, Biskopsgatan 28. Mikaela Nylander, Maria Kaisa Aula, Tommy [&hellip;]<\/p>\n","protected":false},"author":1,"featured_media":0,"parent":0,"menu_order":0,"comment_status":"closed","ping_status":"closed","template":"page-full.php","meta":{"footnotes":""},"class_list":["post-254","page","type-page","status-publish","hentry"],"_links":{"self":[{"href":"http:\/\/alvaforsius.fi\/sv\/wp-json\/wp\/v2\/pages\/254","targetHints":{"allow":["GET"]}}],"collection":[{"href":"http:\/\/alvaforsius.fi\/sv\/wp-json\/wp\/v2\/pages"}],"about":[{"href":"http:\/\/alvaforsius.fi\/sv\/wp-json\/wp\/v2\/types\/page"}],"author":[{"embeddable":true,"href":"http:\/\/alvaforsius.fi\/sv\/wp-json\/wp\/v2\/users\/1"}],"replies":[{"embeddable":true,"href":"http:\/\/alvaforsius.fi\/sv\/wp-json\/wp\/v2\/comments?post=254"}],"version-history":[{"count":19,"href":"http:\/\/alvaforsius.fi\/sv\/wp-json\/wp\/v2\/pages\/254\/revisions"}],"predecessor-version":[{"id":280,"href":"http:\/\/alvaforsius.fi\/sv\/wp-json\/wp\/v2\/pages\/254\/revisions\/280"}],"wp:attachment":[{"href":"http:\/\/alvaforsius.fi\/sv\/wp-json\/wp\/v2\/media?parent=254"}],"curies":[{"name":"wp","href":"https:\/\/api.w.org\/{rel}","templated":true}]}}